{"id":1571,"date":"2009-01-17T17:35:05","date_gmt":"2009-01-17T16:35:05","guid":{"rendered":"https:\/\/das-spielen.de\/?page_id=1571"},"modified":"2025-10-31T20:35:22","modified_gmt":"2025-10-31T19:35:22","slug":"spieleabend-in-nussloch","status":"publish","type":"page","link":"https:\/\/das-spielen.de\/index.php\/spieleabend-in-nussloch\/","title":{"rendered":"Spieleabend in Nu\u00dfloch"},"content":{"rendered":"<div id=\"text-2\" class=\"widget widget_text amr_widget\"><h3 class=\"title\">N\u00e4chste Spieletermine<\/h3>\t\t\t<div class=\"textwidget\"><p><a href=\"https:\/\/das-spielen.de\/index.php\/spieleabend-in-nussloch\/\"><b>Termine bis Mitte 2026:<br \/>\n9.3.<br \/>\n23.3.<br \/>\n<\/b><b>13.4.<br \/>\n27.4.<br \/>\n11.5.<br \/>\n(Kein Spielen am 25.5. &#8211; Feiertag)<br \/>\n8.6.<br \/>\n22.6.<\/b><\/a><b><\/b><\/p>\n<\/div>\n\t\t<div class=\"clear\"><\/div><\/div>\n<p>Im Nu\u00dflocher Apfelb\u00e4umchen finden am 2. und 4. Montag im Monat ab 19:30 Uhr Spieleabende statt, zu denen alle interessierten Spielerinnen und Spieler herzlich eingeladen sind. Veranstalter sind die Familien H\u00fclsmann und Nos (gemeinsam erreichbar unter <i>spieleabend (at) das-spielen (punkt) de<\/i>).<\/p>\n<p>Die Spiele werden von den Teilnehmerinnen und Teilnehmern sowie von den Veranstaltern mitgebracht. Wer sich ein bestimmtes Spiel w\u00fcnscht, sollte sich am besten bis zum Vortag melden. Je nach zeitlicher N\u00e4he zu Spielemessen (Oktober\/Essen, Februar\/N\u00fcrnberg) und damit der Verf\u00fcgbarkeit von Neuheiten werden gerne aktuelle Spiele getestet. Doch auch \u00e4ltere Spiele kommen regelm\u00e4\u00dfig zum Zug.<\/p>\n<p>Wir spielen im <a title=\"Zur Homepage des Apfelb\u00e4umchen e.V.\" href=\"http:\/\/www.apfelbaeumchen-nussloch.de\/\" target=\"_blank\" rel=\"noopener noreferrer\"> Apfelb\u00e4umchen e.V.<\/a> in Nu\u00dfloch. Seit Herbst 2021 spielen wir in den Hortr\u00e4umen der Lindenschule (Barlachstra\u00dfe 35).<\/p>\n<p>Zum Parken empfehlen wir den Parkplatz an der Olympiahalle (Kurpfalzstra\u00dfe 75). Von dort kurz die Kurpfalzstra\u00dfe entlang gehen (nicht in Richtung Kreisverkehr), dann direkt rechts in die Barlachstra\u00dfe. Dort kommt erst rechts der Kindergarten, als n\u00e4chstes die Lindenschule.<\/p>\n<p>Hier die Ansicht der Lindenschule direkt an der Barlachstra\u00dfe. An der markierten Stelle seht ihr, wo der Hort ist.<\/p>\n<p><img decoding=\"async\" class=\"size-full\" src=\"https:\/\/das-spielen.de\/wordpress\/wp-content\/uploads\/img_1138.jpg\" \/><\/p>\n<p>Und so sieht der Eingang zum Hort aus:<\/p>\n<p><img decoding=\"async\" class=\"size-full\" src=\"https:\/\/das-spielen.de\/wordpress\/wp-content\/uploads\/img_1136.jpg\" \/><\/p>\n<p><strong>Verteiler<\/strong>: Die aktuellen Termine stehen auf Das-SpielEn.de immer oben auf dieser Seite, sowie in der Spalte rechts. Au\u00dferdem haben wir einen Mail-Verteiler eingerichtet, der \u00fcber die aktuellen Termine informiert. Wer hier aufgenommen werden m\u00f6chte, gibt uns bitte per Mail Bescheid. Die Mail-Adressen werden bei diesem Mail-Verteiler nicht an die anderen Teilnehmer weitergegeben.<\/p>\n<p><strong>Mehr spielen in der Region (Stand 11\/2025):<\/strong><\/p>\n<p>Mannheim: Organisiert von der <a title=\"Zu spielerischen Terminen der Spieliothek Mannheim\" href=\"https:\/\/spielema.net\/\" target=\"_blank\" rel=\"noopener noreferrer\">Spieliothek<\/a> spielt SpieleMA e.V. an jedem letzten Sonntag im Monat. Ort und Details unter <a href=\"https:\/\/www.spielema.net\/brettspiel-treff\/\">Brettspiel-Treff<\/a><\/p>\n<p>Bammental: Im <a title=\"Infos zum Spieleabend in Bammental\" href=\"https:\/\/familienzentrum-bammental.de\/spielabend\/\" target=\"_blank\" rel=\"noopener noreferrer\">Familienzentrum an jedem Dienstag<\/a>, organisiert von Carsten Pinnow.<\/p>\n","protected":false},"excerpt":{"rendered":"<p>Im Nu\u00dflocher Apfelb\u00e4umchen finden am 2. und 4. Montag im Monat ab 19:30 Uhr Spieleabende statt, zu denen alle interessierten Spielerinnen und Spieler herzlich eingeladen sind. Veranstalter sind die Familien H\u00fclsmann und Nos (gemeinsam erreichbar unter spieleabend (at) das-spielen (punkt) de). Die Spiele werden von den Teilnehmerinnen und Teilnehmern sowie von den Veranstaltern mitgebracht. Wer &hellip; <\/p>\n<p class=\"link-more\"><a href=\"https:\/\/das-spielen.de\/index.php\/spieleabend-in-nussloch\/\" class=\"more-link\">Mehr <span class=\"screen-reader-text\">\u00fcber &#8222;Spieleabend in Nu\u00dfloch&#8220; <\/span>Lesen<\/a><\/p>\n","protected":false},"author":4,"featured_media":0,"parent":0,"menu_order":0,"comment_status":"closed","ping_status":"open","template":"","meta":{"inspiro_hide_title":false,"footnotes":""},"class_list":["post-1571","page","type-page","status-publish","hentry"],"_links":{"self":[{"href":"https:\/\/das-spielen.de\/index.php\/wp-json\/wp\/v2\/pages\/1571","targetHints":{"allow":["GET"]}}],"collection":[{"href":"https:\/\/das-spielen.de\/index.php\/wp-json\/wp\/v2\/pages"}],"about":[{"href":"https:\/\/das-spielen.de\/index.php\/wp-json\/wp\/v2\/types\/page"}],"author":[{"embeddable":true,"href":"https:\/\/das-spielen.de\/index.php\/wp-json\/wp\/v2\/users\/4"}],"replies":[{"embeddable":true,"href":"https:\/\/das-spielen.de\/index.php\/wp-json\/wp\/v2\/comments?post=1571"}],"version-history":[{"count":5,"href":"https:\/\/das-spielen.de\/index.php\/wp-json\/wp\/v2\/pages\/1571\/revisions"}],"predecessor-version":[{"id":12004,"href":"https:\/\/das-spielen.de\/index.php\/wp-json\/wp\/v2\/pages\/1571\/revisions\/12004"}],"wp:attachment":[{"href":"https:\/\/das-spielen.de\/index.php\/wp-json\/wp\/v2\/media?parent=1571"}],"curies":[{"name":"wp","href":"https:\/\/api.w.org\/{rel}","templated":true}]}}