{"id":7981,"date":"2013-01-27T18:16:29","date_gmt":"2013-01-27T17:16:29","guid":{"rendered":"https:\/\/das-spielen.de\/?page_id=7981"},"modified":"2023-03-04T10:03:45","modified_gmt":"2023-03-04T09:03:45","slug":"impressumkontakt","status":"publish","type":"page","link":"https:\/\/das-spielen.de\/index.php\/impressumkontakt\/","title":{"rendered":"Impressum \/ Kontakt"},"content":{"rendered":"<table>\n<tbody>\n<tr>\n<td><img decoding=\"async\" alt=\"\" src=\"https:\/\/das-spielen.de\/wordpress\/wp-content\/themes\/bones-spielende\/author_images\/author_peter.jpg\"\/><\/td>\n<td><img decoding=\"async\" alt=\"\" src=\"https:\/\/das-spielen.de\/wordpress\/wp-content\/themes\/bones-spielende\/author_images\/author_kathrin.jpg\"\/><\/td>\n<\/tr>\n<\/tbody>\n<\/table>\n<p>Kathrin und Karl-Peter Nos<br \/>\nAlter Berg 37<br \/>\n69226 Nu\u00dfloch<br \/>\nTel. 06224\/907596<br \/>\nMail nos@das-spielen.de<\/p>\n<h2>Datenschutzerkl\u00e4rung<\/h2>\n<p>Quelle: <a href=\"https:\/\/www.e-recht24.de\/\" rel=\"noopener\" target=\"_blank\">eRecht24<\/a><\/p>\n<h3>Datenschutz<\/h3>\n<p>Die Betreiber dieser Seiten nehmen den Schutz Ihrer pers\u00f6nlichen Daten sehr ernst. Wir behandeln Ihre personenbezogenen Daten vertraulich und entsprechend der gesetzlichen Datenschutzvorschriften sowie dieser Datenschutzerkl\u00e4rung.<\/p>\n<p>Die Nutzung unserer Website ist in der Regel ohne Angabe personenbezogener Daten m\u00f6glich. Soweit auf unseren Seiten personenbezogene Daten (beispielsweise Name, Anschrift oder E-Mail-Adressen) erhoben werden, erfolgt dies, soweit m\u00f6glich, stets auf freiwilliger Basis. Diese Daten werden ohne Ihre ausdr\u00fcckliche Zustimmung nicht an Dritte weitergegeben.<\/p>\n<p>Wir weisen darauf hin, dass die Daten\u00fcbertragung im Internet (z.B. bei der Kommunikation per E-Mail) Sicherheitsl\u00fccken aufweisen kann. Ein l\u00fcckenloser Schutz der Daten vor dem Zugriff durch Dritte ist nicht m\u00f6glich.<\/p>\n<h3>Kommentarfunktion auf dieser Webseite<\/h3>\n<p>F\u00fcr die Kommentarfunktion auf dieser Seite werden neben Ihrem Kommentar auch Angaben zum Zeitpunkt der Erstellung des Kommentars, Ihre E-Mail-Adresse und, wenn Sie nicht anonym posten, der von Ihnen gew\u00e4hlte Nutzername gespeichert.<\/p>\n<p>Abonnieren von Kommentaren: Als Nutzer der Seite k\u00f6nnen Sie nach einer Anmeldung Kommentare abonnieren. Sie erhalten eine Best\u00e4tigungsemail, um zu pr\u00fcfen, ob Sie der Inhaber der angegebenen E-Mail-Adresse sind. Sie k\u00f6nnen diese Funktion jederzeit \u00fcber einen Link in den Info-Mails abbestellen.<\/p>\n<h3>SSL-Verschl\u00fcsselung<\/h3>\n<p>Diese Seite nutzt aus Gr\u00fcnden der Sicherheit und zum Schutz der \u00dcbertragung vertraulicher Inhalte, wie zum Beispiel der Anfragen, die Sie an uns als Seitenbetreiber senden, eine SSL-Verschl\u00fcsselung. Eine verschl\u00fcsselte Verbindung erkennen Sie daran, dass die Adresszeile des Browsers von &#8222;http:\/\/&#8220; auf &#8222;https:\/\/&#8220; wechselt und an dem Schloss-Symbol in Ihrer Browserzeile.<\/p>\n<p>Wenn die SSL Verschl\u00fcsselung aktiviert ist, k\u00f6nnen die Daten, die Sie an uns \u00fcbermitteln, nicht von Dritten mitgelesen werden.<\/p>\n<h3>Recht auf Auskunft, L\u00f6schung, Sperrung<\/h3>\n<p>Sie haben jederzeit das Recht auf unentgeltliche Auskunft \u00fcber Ihre gespeicherten personenbezogenen Daten, deren Herkunft und Empf\u00e4nger und den Zweck der Datenverarbeitung sowie ein Recht auf Berichtigung, Sperrung oder L\u00f6schung dieser Daten. Hierzu sowie zu weiteren Fragen zum Thema personenbezogene Daten k\u00f6nnen Sie sich jederzeit unter der im Impressum angegebenen Adresse an uns wenden.<\/p>\n<h3>Widerspruch Werbe-Mails<\/h3>\n<p>Der Nutzung von im Rahmen der Impressumspflicht ver\u00f6ffentlichten Kontaktdaten zur \u00dcbersendung von nicht ausdr\u00fccklich angeforderter Werbung und Informationsmaterialien wird hiermit widersprochen. Die Betreiber der Seiten behalten sich ausdr\u00fccklich rechtliche Schritte im Falle der unverlangten Zusendung von Werbeinformationen, etwa durch Spam-E-Mails, vor.<\/p>\n<h2>Copyright<\/h2>\n<p>Das Copyright der unter Das-SpielEn.de ver\u00f6ffentlichten Texte und Bilder liegt bei Kathrin und Peter Nos, soweit nichts anderes angegeben ist. Eine Verwendung unserer Texte oder von Textausz\u00fcgen, von Bildern oder Bildausschnitten ohne unsere explizite Erlaubnis ist nicht gestattet. Auf verlinkte Webseiten haben wir keinen Einfluss und&nbsp;machen uns deren Inhalt nicht zu eigen.<\/p>\n","protected":false},"excerpt":{"rendered":"<p>Kathrin und Karl-Peter Nos Alter Berg 37 69226 Nu\u00dfloch Tel. 06224\/907596 Mail nos@das-spielen.de Datenschutzerkl\u00e4rung Quelle: eRecht24 Datenschutz Die Betreiber dieser Seiten nehmen den Schutz Ihrer pers\u00f6nlichen Daten sehr ernst. Wir behandeln Ihre personenbezogenen Daten vertraulich und entsprechend der gesetzlichen Datenschutzvorschriften sowie dieser Datenschutzerkl\u00e4rung. Die Nutzung unserer Website ist in der Regel ohne Angabe personenbezogener Daten &hellip; <\/p>\n<p class=\"link-more\"><a href=\"https:\/\/das-spielen.de\/index.php\/impressumkontakt\/\" class=\"more-link\">Mehr <span class=\"screen-reader-text\">\u00fcber &#8222;Impressum \/ Kontakt&#8220; <\/span>Lesen<\/a><\/p>\n","protected":false},"author":1,"featured_media":0,"parent":0,"menu_order":0,"comment_status":"closed","ping_status":"closed","template":"","meta":{"inspiro_hide_title":false,"footnotes":""},"class_list":["post-7981","page","type-page","status-publish","hentry"],"_links":{"self":[{"href":"https:\/\/das-spielen.de\/index.php\/wp-json\/wp\/v2\/pages\/7981","targetHints":{"allow":["GET"]}}],"collection":[{"href":"https:\/\/das-spielen.de\/index.php\/wp-json\/wp\/v2\/pages"}],"about":[{"href":"https:\/\/das-spielen.de\/index.php\/wp-json\/wp\/v2\/types\/page"}],"author":[{"embeddable":true,"href":"https:\/\/das-spielen.de\/index.php\/wp-json\/wp\/v2\/users\/1"}],"replies":[{"embeddable":true,"href":"https:\/\/das-spielen.de\/index.php\/wp-json\/wp\/v2\/comments?post=7981"}],"version-history":[{"count":6,"href":"https:\/\/das-spielen.de\/index.php\/wp-json\/wp\/v2\/pages\/7981\/revisions"}],"predecessor-version":[{"id":11178,"href":"https:\/\/das-spielen.de\/index.php\/wp-json\/wp\/v2\/pages\/7981\/revisions\/11178"}],"wp:attachment":[{"href":"https:\/\/das-spielen.de\/index.php\/wp-json\/wp\/v2\/media?parent=7981"}],"curies":[{"name":"wp","href":"https:\/\/api.w.org\/{rel}","templated":true}]}}